{"id":2,"date":"2025-04-17T21:11:17","date_gmt":"2025-04-17T21:11:17","guid":{"rendered":"https:\/\/apinkmoment.com\/?page_id=2"},"modified":"2025-05-20T22:18:51","modified_gmt":"2025-05-20T22:18:51","slug":"sample-page","status":"publish","type":"page","link":"https:\/\/apinkmoment.com\/","title":{"rendered":"Inicio"},"content":{"rendered":"\n<p><strong>\u2728 Bienvenida a PinkMoment: Tu Escape de Belleza &amp; Relax \u2728<\/strong><\/p>\n\n\n\n<p>\u00a1Hola,&nbsp;<strong>chica moderna<\/strong>! \ud83c\udf38 En&nbsp;<strong>PinkMoment<\/strong>, sabemos que tu rutina entre la oficina, reuniones y vida social puede ser agotadora. Por eso, hemos creado un&nbsp;<strong>espacio exclusivo<\/strong>&nbsp;donde el estr\u00e9s se disuelve y la feminidad se potenci<\/p>\n\n\n\n<p>\ud83d\udc96&nbsp;<strong>Rel\u00e1jate, luce radiante y recon\u00e9ctate contigo misma<\/strong>&nbsp;en un ambiente dise\u00f1ado para consentirte. Desde&nbsp;<strong>microblading para cejas perfectas<\/strong>&nbsp;hasta&nbsp;<strong>masajes que te transportan a otro mundo<\/strong>, cada servicio est\u00e1 pensado para que salgas renovada, lista para conquistar el d\u00eda.<\/p>\n\n\n\n<figure class=\"wp-block-image size-full\"><img loading=\"lazy\" decoding=\"async\" width=\"1024\" height=\"1024\" src=\"https:\/\/apinkmoment.com\/wp-content\/uploads\/2025\/05\/WhatsApp-Image-2025-05-19-at-22.56.49.jpeg\" alt=\"\" class=\"wp-image-32\" srcset=\"https:\/\/apinkmoment.com\/wp-content\/uploads\/2025\/05\/WhatsApp-Image-2025-05-19-at-22.56.49.jpeg 1024w, https:\/\/apinkmoment.com\/wp-content\/uploads\/2025\/05\/WhatsApp-Image-2025-05-19-at-22.56.49-300x300.jpeg 300w, https:\/\/apinkmoment.com\/wp-content\/uploads\/2025\/05\/WhatsApp-Image-2025-05-19-at-22.56.49-150x150.jpeg 150w, https:\/\/apinkmoment.com\/wp-content\/uploads\/2025\/05\/WhatsApp-Image-2025-05-19-at-22.56.49-768x768.jpeg 768w, https:\/\/apinkmoment.com\/wp-content\/uploads\/2025\/05\/WhatsApp-Image-2025-05-19-at-22.56.49-100x100.jpeg 100w\" sizes=\"auto, (max-width: 767px) 89vw, (max-width: 1000px) 54vw, (max-width: 1071px) 543px, 580px\" \/><\/figure>\n","protected":false},"excerpt":{"rendered":"<p>\u2728 Bienvenida a PinkMoment: Tu Escape de Belleza &amp; Relax \u2728 \u00a1Hola,&nbsp;chica moderna! \ud83c\udf38 En&nbsp;PinkMoment, sabemos que tu rutina entre la oficina, reuniones y vida social puede ser agotadora. Por eso, hemos creado un&nbsp;espacio exclusivo&nbsp;donde el estr\u00e9s se disuelve y la feminidad se potenci \ud83d\udc96&nbsp;Rel\u00e1jate, luce radiante y recon\u00e9ctate contigo misma&nbsp;en un ambiente dise\u00f1ado para &hellip; <\/p>\n<p class=\"link-more\"><a href=\"https:\/\/apinkmoment.com\/\" class=\"more-link\">Continuar leyendo<span class=\"screen-reader-text\"> \u00abInicio\u00bb<\/span><\/a><\/p>\n","protected":false},"author":1,"featured_media":0,"parent":0,"menu_order":0,"comment_status":"closed","ping_status":"closed","template":"","meta":{"footnotes":""},"class_list":["post-2","page","type-page","status-publish","hentry"],"_links":{"self":[{"href":"https:\/\/apinkmoment.com\/index.php\/wp-json\/wp\/v2\/pages\/2","targetHints":{"allow":["GET"]}}],"collection":[{"href":"https:\/\/apinkmoment.com\/index.php\/wp-json\/wp\/v2\/pages"}],"about":[{"href":"https:\/\/apinkmoment.com\/index.php\/wp-json\/wp\/v2\/types\/page"}],"author":[{"embeddable":true,"href":"https:\/\/apinkmoment.com\/index.php\/wp-json\/wp\/v2\/users\/1"}],"replies":[{"embeddable":true,"href":"https:\/\/apinkmoment.com\/index.php\/wp-json\/wp\/v2\/comments?post=2"}],"version-history":[{"count":3,"href":"https:\/\/apinkmoment.com\/index.php\/wp-json\/wp\/v2\/pages\/2\/revisions"}],"predecessor-version":[{"id":33,"href":"https:\/\/apinkmoment.com\/index.php\/wp-json\/wp\/v2\/pages\/2\/revisions\/33"}],"wp:attachment":[{"href":"https:\/\/apinkmoment.com\/index.php\/wp-json\/wp\/v2\/media?parent=2"}],"curies":[{"name":"wp","href":"https:\/\/api.w.org\/{rel}","templated":true}]}}